{"id":20,"date":"2024-10-25T23:32:33","date_gmt":"2024-10-25T23:32:33","guid":{"rendered":"https:\/\/peruvianchemical.com\/?page_id=20"},"modified":"2024-11-27T02:50:42","modified_gmt":"2024-11-27T02:50:42","slug":"home","status":"publish","type":"page","link":"https:\/\/peruvianchemical.com\/es\/","title":{"rendered":"Inicio"},"content":{"rendered":"<div class=\"wp-block-uagb-container uagb-block-urbpb2n0 alignfull uagb-is-root-container\"><div class=\"uagb-container-inner-blocks-wrap\">\n<div data-aos= \"fade-right\" data-aos-duration=\"400\" data-aos-delay=\"0\" data-aos-easing=\"ease\" data-aos-once=\"true\" class=\"wp-block-uagb-info-box uagb-block-yofu6ugg uagb-infobox__content-wrap  uagb-infobox-icon-above-title uagb-infobox-image-valign-top\"><div class=\"uagb-ifb-content\"><div class=\"uagb-ifb-title-wrap\"><h1 class=\"uagb-ifb-title\">Bienvenido a nuestro mundo qu\u00edmico<\/h1><\/div><p class=\"uagb-ifb-desc\">Entra en un mundo donde la innovaci\u00f3n no conoce l\u00edmites y la sostenibilidad es la clave para desbloquear infinitas posibilidades. Si est\u00e1 buscando productos qu\u00edmicos de vanguardia, responsables con el medio ambiente y dise\u00f1ados para impulsar sus proyectos, somos su aliado.<\/p><\/div><\/div>\n<\/div><\/div>\n\n\n\n<div class=\"wp-block-uagb-container uagb-block-eqmuj9tz alignfull uagb-is-root-container\"><div class=\"uagb-container-inner-blocks-wrap\">\n<div class=\"wp-block-uagb-image alignleft uagb-block-1r3zbq6x wp-block-uagb-image--layout-default wp-block-uagb-image--effect-static wp-block-uagb-image--align-left\"><figure class=\"wp-block-uagb-image__figure\"><img decoding=\"async\" srcset=\"https:\/\/peruvianchemical.com\/wp-content\/uploads\/2024\/11\/charlesdeluvio-rRWiVQzLm7k-unsplash-683x1024.jpg ,https:\/\/peruvianchemical.com\/wp-content\/uploads\/2024\/11\/charlesdeluvio-rRWiVQzLm7k-unsplash-scaled.jpg 780w, https:\/\/peruvianchemical.com\/wp-content\/uploads\/2024\/11\/charlesdeluvio-rRWiVQzLm7k-unsplash-scaled.jpg 360w\" sizes=\"auto, (max-width: 480px) 150px\" src=\"https:\/\/peruvianchemical.com\/wp-content\/uploads\/2024\/11\/charlesdeluvio-rRWiVQzLm7k-unsplash-683x1024.jpg\" alt=\"\" class=\"uag-image-214\" width=\"564\" height=\"423\" title=\"charlesdeluvio-rRWiVQzLm7k-unsplash\" loading=\"lazy\" role=\"img\"\/><\/figure><\/div>\n\n\n\n<div class=\"wp-block-uagb-container uagb-block-bpidnpf8\">\n<div class=\"wp-block-uagb-info-box uagb-block-l1ru0kul uagb-infobox__content-wrap  uagb-infobox-icon-above-title uagb-infobox-image-valign-top\"><div class=\"uagb-ifb-content\"><div class=\"uagb-ifb-title-wrap\"><p class=\"uagb-ifb-title-prefix\">Un poco m\u00e1s<\/p><h2 class=\"uagb-ifb-title\">Sobre nosotros<\/h2><\/div><p class=\"uagb-ifb-desc\">Somos una empresa que representa y comerciantes de todo el mundo, que ofrece una cartera diversa de marcas reconocidas.<\/p><\/div><\/div>\n\n\n\n<div class=\"wp-block-uagb-buttons uagb-buttons__outer-wrap uagb-btn__default-btn uagb-btn-tablet__default-btn uagb-btn-mobile__default-btn uagb-block-lxgnoo9f\"><div class=\"uagb-buttons__wrap uagb-buttons-layout-wrap\">\n<div class=\"wp-block-uagb-buttons-child uagb-buttons__outer-wrap uagb-block-kij3bpb1 wp-block-button\"><div class=\"uagb-button__wrapper\"><a class=\"uagb-buttons-repeater ast-outline-button\" aria-label=\"\" style=\"border-width:revert-layer\" href=\"\/es\/Peruvianchemical.com\/about-us\/\" rel=\"follow noopener\" target=\"_self\" role=\"button\"><div class=\"uagb-button__link\">M\u00e1s informaci\u00f3n<\/div><\/a><\/div><\/div>\n<\/div><\/div>\n<\/div>\n<\/div><\/div>\n\n\n\n<div class=\"wp-block-uagb-container uagb-block-jpzmsgeu alignfull uagb-is-root-container\"><div class=\"uagb-container-inner-blocks-wrap\">\n<div class=\"wp-block-uagb-info-box uagb-block-yf3wtril uagb-infobox__content-wrap  uagb-infobox-icon-above-title uagb-infobox-image-valign-top wp-block-uagb-info-box--has-margin\"><div class=\"uagb-infobox-margin-wrapper\"><div class=\"uagb-ifb-content\"><div class=\"uagb-ifb-title-wrap\"><h2 class=\"uagb-ifb-title\">Act\u00faa ahora<\/h2><\/div><p class=\"uagb-ifb-desc\">\u00danete a nosotros para dar forma a un futuro m\u00e1s brillante. Embarqu\u00e9monos juntos en esta emocionante aventura.<\/p><\/div><\/div><\/div>\n\n\n\n<div class=\"wp-block-uagb-buttons uagb-buttons__outer-wrap uagb-btn__default-btn uagb-btn-tablet__default-btn uagb-btn-mobile__default-btn uagb-block-siznvroa\"><div class=\"uagb-buttons__wrap uagb-buttons-layout-wrap\">\n<div class=\"wp-block-uagb-buttons-child uagb-buttons__outer-wrap uagb-block-i2ow5qb0 wp-block-button\"><div class=\"uagb-button__wrapper\"><a class=\"uagb-buttons-repeater wp-block-button__link\" aria-label=\"\" href=\"https:\/\/peruvianchemical.com\/es\/contact\/\" rel=\"follow noopener\" target=\"_self\" role=\"button\"><div class=\"uagb-button__link\">Empecemos<\/div><\/a><\/div><\/div>\n<\/div><\/div>\n<\/div><\/div>\n\n\n\n<div class=\"wp-block-uagb-container uagb-block-bajereem alignfull uagb-is-root-container\"><div class=\"uagb-container-inner-blocks-wrap\">\n<div class=\"wp-block-uagb-info-box uagb-block-pukk2uwo uagb-infobox__content-wrap  uagb-infobox-icon-above-title uagb-infobox-image-valign-top wp-block-uagb-info-box--has-margin\"><div class=\"uagb-infobox-margin-wrapper\"><div class=\"uagb-ifb-content\"><div class=\"uagb-ifb-title-wrap\"><p class=\"uagb-ifb-title-prefix\">D\u00e9janos tu correo electr\u00f3nico<\/p><h3 class=\"uagb-ifb-title\">Y averig\u00fce sobre las \u00faltimas noticias que tenemos para su empresa<\/h3><\/div><\/div><\/div><\/div>\n\n\n\n<div class=\"wp-block-uagb-forms uagb-forms__outer-wrap uagb-block-4d245a32 uagb-forms__medium-btn\"><form class=\"uagb-forms-main-form\" method=\"post\" autocomplete=\"on\" name=\"uagb-form-4d245a32\" action=\"\">\n<div class=\"wp-block-uagb-forms-name uagb-forms-name-wrap uagb-forms-field-set uagb-block-e40bb03f\"><div class=\"uagb-forms-name-label required uagb-forms-input-label\" id=\"e40bb03f\">Nombre<\/div><input type=\"text\" placeholder=\"John Doe\" required class=\"uagb-forms-name-input uagb-forms-input\" name=\"e40bb03f\" autocomplete=\"name\"\/><\/div>\n\n\n\n<div class=\"wp-block-uagb-forms-email uagb-forms-email-wrap uagb-forms-field-set uagb-block-432e63f6\"><div class=\"uagb-forms-email-label required uagb-forms-input-label\" id=\"432e63f6\">Email<\/div><input type=\"email\" class=\"uagb-forms-email-input uagb-forms-input\" placeholder=\"example@mail.com\" required name=\"432e63f6\" autocomplete=\"email\"\/><\/div>\n<div class=\"uagb-forms-form-hidden-data\"><input type=\"hidden\" id=\"g-recaptcha-response\" class=\"uagb-forms-recaptcha\"\/><input type=\"hidden\" class=\"uagb_forms_form_label\" value=\"Newsletter form\"\/><input type=\"hidden\" class=\"uagb_forms_form_id\" value=\"uagb-form-4d245a32\"\/><\/div><div class=\"g-recaptcha uagb-forms-field-set\" data-sitekey=\"\"><\/div><div class=\"uagb-form-reacaptcha-error-4d245a32\"><\/div><div class=\"uagb-forms-main-submit-button-wrap wp-block-button\"><button class=\"uagb-forms-main-submit-button wp-block-button__link\"><div class=\"uagb-forms-main-submit-button-text\">Enviar<\/div><\/button><\/div><input type=\"hidden\" name=\"trp-form-language\" value=\"es\"\/><\/form><div class=\"uagb-forms-success-message-4d245a32 uagb-forms-submit-message-hide\"><span>\u00a1Se envi\u00f3 la informaci\u00f3n correctamente!<\/span><\/div><div class=\"uagb-forms-failed-message-4d245a32 uagb-forms-submit-message-hide\"><span>Hubo un error al enviar el formulario. Intente nuevamente<\/span><\/div><\/div>\n<\/div><\/div>\n\n\n\n<div class=\"wp-block-uagb-container uagb-block-hlsdximr alignfull uagb-is-root-container\"><div class=\"uagb-container-inner-blocks-wrap\">\n<div class=\"wp-block-uagb-info-box uagb-block-guv0ehdo uagb-infobox__content-wrap  uagb-infobox-icon-above-title uagb-infobox-image-valign-top\"><div class=\"uagb-ifb-content\"><div class=\"uagb-ifb-title-wrap\"><h3 class=\"uagb-ifb-title\">Algunos aliados estrat\u00e9gicos<\/h3><\/div><\/div><\/div>\n\n\n\t\n\t\t<div id=\"gs_logo_area_1\" data-sort=\"name\" data-shortcode-id=\"1\" class=\"gs_logo_area gs_logo_area_1 slider1\" data-options='{\"logo_per_page\":\"6\"}' style=\"opacity: 0; visibility: hidden;\">\n\t\t\t<div class=\"gs_logo_area--inner\">\n\n\t\t\t\t<!-- Category Filters - New (Global) -->\n\t\t\t\t\t\n\t\t\t\t\n<div class=\"gs_logo_container gs_carousel_swiper gs_logo_fix_height_and_center\" data-carousel-config='{\"direction\":\"horizontal\",\"speed\":500,\"isAutoplay\":true,\"autoplayDelay\":2000,\"loop\":true,\"pauseOnHover\":true,\"ticker\":false,\"navs\":true,\"navs_pos\":\"bottom\",\"dots\":false,\"dynamic_dots\":true,\"slideSpace\":10,\"slidesPerGroup\":1,\"desktopLogos\":5,\"tabletLogos\":3,\"mobileLogos\":2,\"reverseDirection\":false}'>\n\n\t\n\t\t\n\t\t\t<div class=\"gs_logo_single--wrapper\">\n\t\t\t\t<div class=\"gs_logo_single\">\n\n\t\t\t\t\t<!-- Logo Img -->\n\t\t\t\t\t<img loading=\"lazy\" decoding=\"async\" width=\"250\" height=\"250\" src=\"https:\/\/peruvianchemical.com\/wp-content\/uploads\/2024\/11\/PC_Logo_Slider_Blue_Sail.jpg\" class=\"tt-placement-top tt-bgcolor-one-%23ff5f6d tt-bgcolor-two-%23ffc371 tt-textcolor-%23fff gs-logo--img wp-post-image\" alt=\"\" title=\"Blue Sail\" srcset=\"https:\/\/peruvianchemical.com\/wp-content\/uploads\/2024\/11\/PC_Logo_Slider_Blue_Sail.jpg 250w, https:\/\/peruvianchemical.com\/wp-content\/uploads\/2024\/11\/PC_Logo_Slider_Blue_Sail-150x150.jpg 150w\" sizes=\"auto, (max-width: 250px) 100vw, 250px\" \/>\n\t\t\t\t\t<!-- Logo Title -->\n\t\t\t\t\t<h3 class=\"gs_logo_title\">Blue Sail<\/h3>\t\t\t\t\t\n\t\t\t\t\t<!-- Logo Category -->\n\t\t\t\t\t\t\t\t\t\t\n\t\t\t\t<\/div>\n\t\t\t<\/div>\n\n\t\t\n\t\t\t<div class=\"gs_logo_single--wrapper\">\n\t\t\t\t<div class=\"gs_logo_single\">\n\n\t\t\t\t\t<!-- Logo Img -->\n\t\t\t\t\t<img loading=\"lazy\" decoding=\"async\" width=\"250\" height=\"250\" src=\"https:\/\/peruvianchemical.com\/wp-content\/uploads\/2024\/10\/PC_Logo_Slider_Hengli.jpg\" class=\"tt-placement-top tt-bgcolor-one-%23ff5f6d tt-bgcolor-two-%23ffc371 tt-textcolor-%23fff gs-logo--img wp-post-image\" alt=\"Hengli\" title=\"Hengli\" srcset=\"https:\/\/peruvianchemical.com\/wp-content\/uploads\/2024\/10\/PC_Logo_Slider_Hengli.jpg 250w, https:\/\/peruvianchemical.com\/wp-content\/uploads\/2024\/10\/PC_Logo_Slider_Hengli-150x150.jpg 150w\" sizes=\"auto, (max-width: 250px) 100vw, 250px\" \/>\n\t\t\t\t\t<!-- Logo Title -->\n\t\t\t\t\t<h3 class=\"gs_logo_title\">Hengli<\/h3>\t\t\t\t\t\n\t\t\t\t\t<!-- Logo Category -->\n\t\t\t\t\t\t\t\t\t\t\n\t\t\t\t<\/div>\n\t\t\t<\/div>\n\n\t\t\n\t\t\t<div class=\"gs_logo_single--wrapper\">\n\t\t\t\t<div class=\"gs_logo_single\">\n\n\t\t\t\t\t<!-- Logo Img -->\n\t\t\t\t\t<img loading=\"lazy\" decoding=\"async\" width=\"250\" height=\"250\" src=\"https:\/\/peruvianchemical.com\/wp-content\/uploads\/2024\/10\/PC_Logo_Slider_Chevron.jpg\" class=\"tt-placement-top tt-bgcolor-one-%23ff5f6d tt-bgcolor-two-%23ffc371 tt-textcolor-%23fff gs-logo--img wp-post-image\" alt=\"Chevron Phillips\" title=\"Chevron Phillips\" srcset=\"https:\/\/peruvianchemical.com\/wp-content\/uploads\/2024\/10\/PC_Logo_Slider_Chevron.jpg 250w, https:\/\/peruvianchemical.com\/wp-content\/uploads\/2024\/10\/PC_Logo_Slider_Chevron-150x150.jpg 150w\" sizes=\"auto, (max-width: 250px) 100vw, 250px\" \/>\n\t\t\t\t\t<!-- Logo Title -->\n\t\t\t\t\t<h3 class=\"gs_logo_title\">Chevron Phillips<\/h3>\t\t\t\t\t\n\t\t\t\t\t<!-- Logo Category -->\n\t\t\t\t\t\t\t\t\t\t\n\t\t\t\t<\/div>\n\t\t\t<\/div>\n\n\t\t\n\t\t\t<div class=\"gs_logo_single--wrapper\">\n\t\t\t\t<div class=\"gs_logo_single\">\n\n\t\t\t\t\t<!-- Logo Img -->\n\t\t\t\t\t<img loading=\"lazy\" decoding=\"async\" width=\"250\" height=\"250\" src=\"https:\/\/peruvianchemical.com\/wp-content\/uploads\/2024\/10\/PC_Logo_Slider_VPChem.jpg\" class=\"tt-placement-top tt-bgcolor-one-%23ff5f6d tt-bgcolor-two-%23ffc371 tt-textcolor-%23fff gs-logo--img wp-post-image\" alt=\"VPChem\" title=\"VPChem\" srcset=\"https:\/\/peruvianchemical.com\/wp-content\/uploads\/2024\/10\/PC_Logo_Slider_VPChem.jpg 250w, https:\/\/peruvianchemical.com\/wp-content\/uploads\/2024\/10\/PC_Logo_Slider_VPChem-150x150.jpg 150w\" sizes=\"auto, (max-width: 250px) 100vw, 250px\" \/>\n\t\t\t\t\t<!-- Logo Title -->\n\t\t\t\t\t<h3 class=\"gs_logo_title\">VPChem<\/h3>\t\t\t\t\t\n\t\t\t\t\t<!-- Logo Category -->\n\t\t\t\t\t\t\t\t\t\t\n\t\t\t\t<\/div>\n\t\t\t<\/div>\n\n\t\t\n\t\t\t<div class=\"gs_logo_single--wrapper\">\n\t\t\t\t<div class=\"gs_logo_single\">\n\n\t\t\t\t\t<!-- Logo Img -->\n\t\t\t\t\t<img loading=\"lazy\" decoding=\"async\" width=\"250\" height=\"250\" src=\"https:\/\/peruvianchemical.com\/wp-content\/uploads\/2024\/10\/PC_Logo_Slider_Aekyung.jpg\" class=\"tt-placement-top tt-bgcolor-one-%23ff5f6d tt-bgcolor-two-%23ffc371 tt-textcolor-%23fff gs-logo--img wp-post-image\" alt=\"Aekyoung\" title=\"Aekyung\" srcset=\"https:\/\/peruvianchemical.com\/wp-content\/uploads\/2024\/10\/PC_Logo_Slider_Aekyung.jpg 250w, https:\/\/peruvianchemical.com\/wp-content\/uploads\/2024\/10\/PC_Logo_Slider_Aekyung-150x150.jpg 150w\" sizes=\"auto, (max-width: 250px) 100vw, 250px\" \/>\n\t\t\t\t\t<!-- Logo Title -->\n\t\t\t\t\t<h3 class=\"gs_logo_title\">Aekyung<\/h3>\t\t\t\t\t\n\t\t\t\t\t<!-- Logo Category -->\n\t\t\t\t\t\t\t\t\t\t\n\t\t\t\t<\/div>\n\t\t\t<\/div>\n\n\t\t\n\t\t\t<div class=\"gs_logo_single--wrapper\">\n\t\t\t\t<div class=\"gs_logo_single\">\n\n\t\t\t\t\t<!-- Logo Img -->\n\t\t\t\t\t<img loading=\"lazy\" decoding=\"async\" width=\"250\" height=\"250\" src=\"https:\/\/peruvianchemical.com\/wp-content\/uploads\/2024\/10\/PC_Logo_Slider_LGChem.jpg\" class=\"tt-placement-top tt-bgcolor-one-%23ff5f6d tt-bgcolor-two-%23ffc371 tt-textcolor-%23fff gs-logo--img wp-post-image\" alt=\"LG Chem\" title=\"LG Chem\" srcset=\"https:\/\/peruvianchemical.com\/wp-content\/uploads\/2024\/10\/PC_Logo_Slider_LGChem.jpg 250w, https:\/\/peruvianchemical.com\/wp-content\/uploads\/2024\/10\/PC_Logo_Slider_LGChem-150x150.jpg 150w\" sizes=\"auto, (max-width: 250px) 100vw, 250px\" \/>\n\t\t\t\t\t<!-- Logo Title -->\n\t\t\t\t\t<h3 class=\"gs_logo_title\">LG Chem<\/h3>\t\t\t\t\t\n\t\t\t\t\t<!-- Logo Category -->\n\t\t\t\t\t\t\t\t\t\t\n\t\t\t\t<\/div>\n\t\t\t<\/div>\n\n\t\t\n\t\t\t<div class=\"gs_logo_single--wrapper\">\n\t\t\t\t<div class=\"gs_logo_single\">\n\n\t\t\t\t\t<!-- Logo Img -->\n\t\t\t\t\t<img loading=\"lazy\" decoding=\"async\" width=\"250\" height=\"250\" src=\"https:\/\/peruvianchemical.com\/wp-content\/uploads\/2024\/10\/PC_Logo_Slider_KuhmoPC.jpg\" class=\"tt-placement-top tt-bgcolor-one-%23ff5f6d tt-bgcolor-two-%23ffc371 tt-textcolor-%23fff gs-logo--img wp-post-image\" alt=\"Kumho Petrochemical\" title=\"Kumho Petrochemical\" srcset=\"https:\/\/peruvianchemical.com\/wp-content\/uploads\/2024\/10\/PC_Logo_Slider_KuhmoPC.jpg 250w, https:\/\/peruvianchemical.com\/wp-content\/uploads\/2024\/10\/PC_Logo_Slider_KuhmoPC-150x150.jpg 150w\" sizes=\"auto, (max-width: 250px) 100vw, 250px\" \/>\n\t\t\t\t\t<!-- Logo Title -->\n\t\t\t\t\t<h3 class=\"gs_logo_title\">Kumho Petrochemical<\/h3>\t\t\t\t\t\n\t\t\t\t\t<!-- Logo Category -->\n\t\t\t\t\t\t\t\t\t\t\n\t\t\t\t<\/div>\n\t\t\t<\/div>\n\n\t\t\n\t\t\t<div class=\"gs_logo_single--wrapper\">\n\t\t\t\t<div class=\"gs_logo_single\">\n\n\t\t\t\t\t<!-- Logo Img -->\n\t\t\t\t\t<img loading=\"lazy\" decoding=\"async\" width=\"250\" height=\"250\" src=\"https:\/\/peruvianchemical.com\/wp-content\/uploads\/2024\/10\/PC_Logo_Slider_LotteCh.jpg\" class=\"tt-placement-top tt-bgcolor-one-%23ff5f6d tt-bgcolor-two-%23ffc371 tt-textcolor-%23fff gs-logo--img wp-post-image\" alt=\"Lotte Chemical\" title=\"Lotte Chemical\" srcset=\"https:\/\/peruvianchemical.com\/wp-content\/uploads\/2024\/10\/PC_Logo_Slider_LotteCh.jpg 250w, https:\/\/peruvianchemical.com\/wp-content\/uploads\/2024\/10\/PC_Logo_Slider_LotteCh-150x150.jpg 150w\" sizes=\"auto, (max-width: 250px) 100vw, 250px\" \/>\n\t\t\t\t\t<!-- Logo Title -->\n\t\t\t\t\t<h3 class=\"gs_logo_title\">Lotte Chemical<\/h3>\t\t\t\t\t\n\t\t\t\t\t<!-- Logo Category -->\n\t\t\t\t\t\t\t\t\t\t\n\t\t\t\t<\/div>\n\t\t\t<\/div>\n\n\t\t\n\t\t\t<div class=\"gs_logo_single--wrapper\">\n\t\t\t\t<div class=\"gs_logo_single\">\n\n\t\t\t\t\t<!-- Logo Img -->\n\t\t\t\t\t<img loading=\"lazy\" decoding=\"async\" width=\"250\" height=\"250\" src=\"https:\/\/peruvianchemical.com\/wp-content\/uploads\/2024\/10\/PC_Logo_Slider_Hyousung.jpg\" class=\"tt-placement-top tt-bgcolor-one-%23ff5f6d tt-bgcolor-two-%23ffc371 tt-textcolor-%23fff gs-logo--img wp-post-image\" alt=\"Hyosung\" title=\"Hyosung\" srcset=\"https:\/\/peruvianchemical.com\/wp-content\/uploads\/2024\/10\/PC_Logo_Slider_Hyousung.jpg 250w, https:\/\/peruvianchemical.com\/wp-content\/uploads\/2024\/10\/PC_Logo_Slider_Hyousung-150x150.jpg 150w\" sizes=\"auto, (max-width: 250px) 100vw, 250px\" \/>\n\t\t\t\t\t<!-- Logo Title -->\n\t\t\t\t\t<h3 class=\"gs_logo_title\">Hyosung<\/h3>\t\t\t\t\t\n\t\t\t\t\t<!-- Logo Category -->\n\t\t\t\t\t\t\t\t\t\t\n\t\t\t\t<\/div>\n\t\t\t<\/div>\n\n\t\t\n\t\t\t<div class=\"gs_logo_single--wrapper\">\n\t\t\t\t<div class=\"gs_logo_single\">\n\n\t\t\t\t\t<!-- Logo Img -->\n\t\t\t\t\t<img loading=\"lazy\" decoding=\"async\" width=\"250\" height=\"250\" src=\"https:\/\/peruvianchemical.com\/wp-content\/uploads\/2024\/10\/PC_Logo_Slider_HanWha.jpg\" class=\"tt-placement-top tt-bgcolor-one-%23ff5f6d tt-bgcolor-two-%23ffc371 tt-textcolor-%23fff gs-logo--img wp-post-image\" alt=\"Hanwha\" title=\"Hanwha\" srcset=\"https:\/\/peruvianchemical.com\/wp-content\/uploads\/2024\/10\/PC_Logo_Slider_HanWha.jpg 250w, https:\/\/peruvianchemical.com\/wp-content\/uploads\/2024\/10\/PC_Logo_Slider_HanWha-150x150.jpg 150w\" sizes=\"auto, (max-width: 250px) 100vw, 250px\" \/>\n\t\t\t\t\t<!-- Logo Title -->\n\t\t\t\t\t<h3 class=\"gs_logo_title\">Hanwha<\/h3>\t\t\t\t\t\n\t\t\t\t\t<!-- Logo Category -->\n\t\t\t\t\t\t\t\t\t\t\n\t\t\t\t<\/div>\n\t\t\t<\/div>\n\n\t\t\t\t\n\t\n<\/div>\n\t\t\t\t<!-- Pagination -->\n\t\t\t\t\n\t\t\t<\/div>\n\t\t<\/div>\n\t\n\t\t<style>#gs_logo_area_1:not(.verticaltickerdown):not(.verticalticker) .gs_logo_container{margin-left:-5px}#gs_logo_area_1:not(.verticaltickerdown):not(.verticalticker) .gs_logo_container{margin-right:-5px}#gs_logo_area_1:not(.verticaltickerdown):not(.verticalticker) .gs_logo_single--wrapper{padding:5px}#gs_logo_area_1 ul.gs-logo-filter-cats{text-align:center!important}#gs_logo_area_1 .gs_logo_single--wrapper{width:20%}@media (max-width:1023px){#gs_logo_area_1 .gs_logo_single--wrapper{width:33.333333333333%}}@media (max-width:767px){#gs_logo_area_1 .gs_logo_single--wrapper{width:50%}}<\/style>\n<\/div><\/div>","protected":false},"excerpt":{"rendered":"","protected":false},"author":1,"featured_media":0,"parent":0,"menu_order":0,"comment_status":"closed","ping_status":"closed","template":"","meta":{"_uag_custom_page_level_css":"","site-sidebar-layout":"no-sidebar","site-content-layout":"plain-container","ast-site-content-layout":"default","site-content-style":"default","site-sidebar-style":"default","ast-global-header-display":"","ast-banner-title-visibility":"","ast-main-header-display":"","ast-hfb-above-header-display":"","ast-hfb-below-header-display":"","ast-hfb-mobile-header-display":"","site-post-title":"disabled","ast-breadcrumbs-content":"","ast-featured-img":"","footer-sml-layout":"","ast-disable-related-posts":"","theme-transparent-header-meta":"enabled","adv-header-id-meta":"","stick-header-meta":"","header-above-stick-meta":"","header-main-stick-meta":"","header-below-stick-meta":"","astra-migrate-meta-layouts":"default","ast-page-background-enabled":"default","ast-page-background-meta":{"desktop":{"background-color":"var(--ast-global-color-4)","background-image":"","background-repeat":"repeat","background-position":"center center","background-size":"auto","background-attachment":"scroll","background-type":"","background-media":"","overlay-type":"","overlay-color":"","overlay-opacity":"","overlay-gradient":""},"tablet":{"background-color":"","background-image":"","background-repeat":"repeat","background-position":"center center","background-size":"auto","background-attachment":"scroll","background-type":"","background-media":"","overlay-type":"","overlay-color":"","overlay-opacity":"","overlay-gradient":""},"mobile":{"background-color":"","background-image":"","background-repeat":"repeat","background-position":"center center","background-size":"auto","background-attachment":"scroll","background-type":"","background-media":"","overlay-type":"","overlay-color":"","overlay-opacity":"","overlay-gradient":""}},"ast-content-background-meta":{"desktop":{"background-color":"var(--ast-global-color-5)","background-image":"","background-repeat":"repeat","background-position":"center center","background-size":"auto","background-attachment":"scroll","background-type":"","background-media":"","overlay-type":"","overlay-color":"","overlay-opacity":"","overlay-gradient":""},"tablet":{"background-color":"var(--ast-global-color-5)","background-image":"","background-repeat":"repeat","background-position":"center center","background-size":"auto","background-attachment":"scroll","background-type":"","background-media":"","overlay-type":"","overlay-color":"","overlay-opacity":"","overlay-gradient":""},"mobile":{"background-color":"var(--ast-global-color-5)","background-image":"","background-repeat":"repeat","background-position":"center center","background-size":"auto","background-attachment":"scroll","background-type":"","background-media":"","overlay-type":"","overlay-color":"","overlay-opacity":"","overlay-gradient":""}},"footnotes":""},"class_list":["post-20","page","type-page","status-publish","hentry"],"uagb_featured_image_src":{"full":false,"thumbnail":false,"medium":false,"medium_large":false,"large":false,"1536x1536":false,"2048x2048":false,"trp-custom-language-flag":false},"uagb_author_info":{"display_name":"admin","author_link":"https:\/\/peruvianchemical.com\/es\/author\/admin\/"},"uagb_comment_info":0,"uagb_excerpt":null,"_links":{"self":[{"href":"https:\/\/peruvianchemical.com\/es\/wp-json\/wp\/v2\/pages\/20","targetHints":{"allow":["GET"]}}],"collection":[{"href":"https:\/\/peruvianchemical.com\/es\/wp-json\/wp\/v2\/pages"}],"about":[{"href":"https:\/\/peruvianchemical.com\/es\/wp-json\/wp\/v2\/types\/page"}],"author":[{"embeddable":true,"href":"https:\/\/peruvianchemical.com\/es\/wp-json\/wp\/v2\/users\/1"}],"replies":[{"embeddable":true,"href":"https:\/\/peruvianchemical.com\/es\/wp-json\/wp\/v2\/comments?post=20"}],"version-history":[{"count":23,"href":"https:\/\/peruvianchemical.com\/es\/wp-json\/wp\/v2\/pages\/20\/revisions"}],"predecessor-version":[{"id":319,"href":"https:\/\/peruvianchemical.com\/es\/wp-json\/wp\/v2\/pages\/20\/revisions\/319"}],"wp:attachment":[{"href":"https:\/\/peruvianchemical.com\/es\/wp-json\/wp\/v2\/media?parent=20"}],"curies":[{"name":"wp","href":"https:\/\/api.w.org\/{rel}","templated":true}]}}