{"id":49,"date":"2024-10-25T23:50:12","date_gmt":"2024-10-25T23:50:12","guid":{"rendered":"https:\/\/peruvianchemical.com\/?page_id=49"},"modified":"2024-11-23T03:29:11","modified_gmt":"2024-11-23T03:29:11","slug":"about-us","status":"publish","type":"page","link":"https:\/\/peruvianchemical.com\/es\/about-us\/","title":{"rendered":"Sobre nosotros"},"content":{"rendered":"<div class=\"wp-block-uagb-container uagb-block-6gls8csd alignfull uagb-is-root-container\"><div class=\"uagb-container-inner-blocks-wrap\">\n<div data-aos= \"fade-right\" data-aos-duration=\"400\" data-aos-delay=\"0\" data-aos-easing=\"ease\" data-aos-once=\"true\" class=\"wp-block-uagb-container uagb-block-0xcnufbw\">\n<div class=\"wp-block-uagb-info-box uagb-block-udvh6f2f uagb-infobox__content-wrap  uagb-infobox-icon-above-title uagb-infobox-image-valign-top\"><div class=\"uagb-ifb-content\"><div class=\"uagb-ifb-title-wrap\"><h2 class=\"uagb-ifb-title\">Somos un corredor de suministros qu\u00edmicos<\/h2><\/div><p class=\"uagb-ifb-desc\">Representamos a fabricantes y comerciantes de diferentes pa\u00edses del mundo, garantizando el acceso a una cartera diversa de marcas reconocidas. Nos centramos en crear valor en cada compra, implementando una filosof\u00eda \"justo a tiempo\" para garantizar la satisfacci\u00f3n y eficiencia de nuestros clientes.<br>Nuestro compromiso es proporcionar un servicio excepcional y productos de alta calidad que cumplan con los m\u00e1s altos est\u00e1ndares del mercado.<\/p><\/div><\/div>\n<\/div>\n<\/div><\/div>\n\n\n\n<div class=\"wp-block-uagb-container uagb-block-qd54itos alignfull uagb-is-root-container\"><div class=\"uagb-container-inner-blocks-wrap\">\n<div class=\"wp-block-uagb-info-box uagb-block-0oz5o22b uagb-infobox__content-wrap  uagb-infobox-icon-above-title uagb-infobox-image-valign-top\"><div class=\"uagb-ifb-content\"><div class=\"uagb-ifb-title-wrap\"><h2 class=\"uagb-ifb-title\">Un resumen de nuestras actividades en el mundo<\/h2><\/div><p class=\"uagb-ifb-desc\"> Peruvian Chemical, es una empresa que vende productos qu\u00edmicos a Am\u00e9rica Latina, representamos a diferentes fabricantes y comerciantes de diferentes partes del mundo. Tenemos una cartera con una variedad de productos de muchas marcas.<\/p><\/div><\/div>\n\n\n\n<div class=\"wp-block-uagb-container uagb-block-utu44wav\">\n<div class=\"wp-block-uagb-container uagb-block-qxndahuf\">\n<div class=\"wp-block-uagb-info-box uagb-block-1f9ihdeo uagb-infobox__content-wrap  uagb-infobox-icon-above-title uagb-infobox-image-valign-top\"><div class=\"uagb-ifb-content\"><div class=\"uagb-ifb-title-wrap\"><p class=\"uagb-ifb-title\">Nuestro plan es crear un acuerdo comercial entre productos qu\u00edmicos peruanos y empresas extranjeras, nuestro objetivo es vender materiales qu\u00edmicos a LATAM, en Am\u00e9rica del Sur y Central, promoviendo marcas, fabricantes, comerciantes del mundo, a trav\u00e9s de herramientas de marketing y estrategias de ventas.<\/p><\/div><\/div><\/div>\n<\/div>\n\n\n\n<div data-aos= \"fade-left\" data-aos-duration=\"400\" data-aos-delay=\"0\" data-aos-easing=\"ease\" data-aos-once=\"true\" class=\"wp-block-uagb-image alignleft uagb-block-m8bpfghh wp-block-uagb-image--layout-default wp-block-uagb-image--effect-static wp-block-uagb-image--align-left\"><figure class=\"wp-block-uagb-image__figure\"><img decoding=\"async\" srcset=\"https:\/\/peruvianchemical.com\/wp-content\/uploads\/2024\/11\/PC_Supplier_Clients-1-1024x640.png ,https:\/\/peruvianchemical.com\/wp-content\/uploads\/2024\/11\/PC_Supplier_Clients-1.png 780w, https:\/\/peruvianchemical.com\/wp-content\/uploads\/2024\/11\/PC_Supplier_Clients-1.png 360w\" sizes=\"auto, (max-width: 480px) 150px\" src=\"https:\/\/peruvianchemical.com\/wp-content\/uploads\/2024\/11\/PC_Supplier_Clients-1-1024x640.png\" alt=\"PC_Supplier\" class=\"uag-image-200\" width=\"564\" height=\"400\" title=\"PC_Supplier_Clients\" loading=\"lazy\" role=\"img\"\/><\/figure><\/div>\n<\/div>\n<\/div><\/div>\n\n\n\n<div class=\"wp-block-uagb-container uagb-block-iamykepx alignfull uagb-is-root-container\"><div class=\"uagb-container-inner-blocks-wrap\">\n<div class=\"wp-block-uagb-info-box uagb-block-lk2ofx4l uagb-infobox__content-wrap  uagb-infobox-icon-above-title uagb-infobox-image-valign-top\"><div class=\"uagb-ifb-content\"><div class=\"uagb-ifb-title-wrap\"><h2 class=\"uagb-ifb-title\">Con\u00f3cenos un poco m\u00e1s<\/h2><\/div><\/div><\/div>\n\n\n\n<div class=\"wp-block-uagb-container uagb-block-dsctfhir\">\n<div class=\"wp-block-uagb-info-box uagb-block-qs5cxus3 uagb-infobox__content-wrap  uagb-infobox-icon-above-title uagb-infobox-image-valign-top\"><div class=\"uagb-ifb-content\"><div class=\"uagb-ifb-title-wrap\"><h3 class=\"uagb-ifb-title\">Misi\u00f3n<\/h3><\/div><div class=\"uagb-ifb-separator\"><\/div><p class=\"uagb-ifb-desc\">Proporcionar el mejor servicio personalizado a nuestros clientes, ofreciendo productos de alta calidad que se ajustan a sus necesidades y expectativas.<\/p><\/div><\/div>\n\n\n\n<div class=\"wp-block-uagb-info-box uagb-block-cu7mvgu4 uagb-infobox__content-wrap  uagb-infobox-icon-above-title uagb-infobox-image-valign-top\"><div class=\"uagb-ifb-content\"><div class=\"uagb-ifb-title-wrap\"><h3 class=\"uagb-ifb-title\">Visi\u00f3n<\/h3><\/div><div class=\"uagb-ifb-separator\"><\/div><p class=\"uagb-ifb-desc\">Crecemos junto con nuestros clientes, creando nuevas oportunidades de negocio y contribuyendo activamente a la sociedad a trav\u00e9s de los ecoqu\u00edmicos.<\/p><\/div><\/div>\n<\/div>\n<\/div><\/div>\n\n\n\n<div class=\"wp-block-uagb-container uagb-block-b01c31de alignfull uagb-is-root-container\"><div class=\"uagb-container-inner-blocks-wrap\">\n<div class=\"wp-block-uagb-info-box uagb-block-816f9904 uagb-infobox__content-wrap  uagb-infobox-icon-above-title uagb-infobox-image-valign-top\"><div class=\"uagb-ifb-content\"><div class=\"uagb-ifb-title-wrap\"><h2 class=\"uagb-ifb-title\">Nuestro proceso de negocio<\/h2><\/div><\/div><\/div>\n\n\n\n<div class=\"wp-block-uagb-container uagb-block-72d6386b\">\n<figure class=\"wp-block-image aligncenter size-full\"><img loading=\"lazy\" decoding=\"async\" width=\"2985\" height=\"504\" src=\"https:\/\/peruvianchemical.com\/wp-content\/uploads\/2024\/11\/PC_Process-1.png\" alt=\"\" class=\"wp-image-187\" srcset=\"https:\/\/peruvianchemical.com\/wp-content\/uploads\/2024\/11\/PC_Process-1.png 2985w, https:\/\/peruvianchemical.com\/wp-content\/uploads\/2024\/11\/PC_Process-1-300x51.png 300w, https:\/\/peruvianchemical.com\/wp-content\/uploads\/2024\/11\/PC_Process-1-1024x173.png 1024w, https:\/\/peruvianchemical.com\/wp-content\/uploads\/2024\/11\/PC_Process-1-768x130.png 768w, https:\/\/peruvianchemical.com\/wp-content\/uploads\/2024\/11\/PC_Process-1-1536x259.png 1536w, https:\/\/peruvianchemical.com\/wp-content\/uploads\/2024\/11\/PC_Process-1-2048x346.png 2048w\" sizes=\"auto, (max-width: 2985px) 100vw, 2985px\" \/><\/figure>\n<\/div>\n<\/div><\/div>\n\n\n\n<div class=\"wp-block-uagb-container uagb-block-bajereem alignfull uagb-is-root-container\"><div class=\"uagb-container-inner-blocks-wrap\">\n<div class=\"wp-block-uagb-info-box uagb-block-pukk2uwo uagb-infobox__content-wrap  uagb-infobox-icon-above-title uagb-infobox-image-valign-top wp-block-uagb-info-box--has-margin\"><div class=\"uagb-infobox-margin-wrapper\"><div class=\"uagb-ifb-content\"><div class=\"uagb-ifb-title-wrap\"><p class=\"uagb-ifb-title-prefix\">D\u00e9janos tu correo electr\u00f3nico<\/p><h3 class=\"uagb-ifb-title\">Y averig\u00fce sobre las \u00faltimas noticias que tenemos para su empresa<\/h3><\/div><\/div><\/div><\/div>\n\n\n\n<div class=\"wp-block-uagb-forms uagb-forms__outer-wrap uagb-block-4d245a32 uagb-forms__medium-btn\"><form class=\"uagb-forms-main-form\" method=\"post\" autocomplete=\"on\" name=\"uagb-form-4d245a32\" action=\"\">\n<div class=\"wp-block-uagb-forms-name uagb-forms-name-wrap uagb-forms-field-set uagb-block-e40bb03f\"><div class=\"uagb-forms-name-label required uagb-forms-input-label\" id=\"e40bb03f\">Nombre<\/div><input type=\"text\" placeholder=\"John Doe\" required class=\"uagb-forms-name-input uagb-forms-input\" name=\"e40bb03f\" autocomplete=\"name\"\/><\/div>\n\n\n\n<div class=\"wp-block-uagb-forms-email uagb-forms-email-wrap uagb-forms-field-set uagb-block-432e63f6\"><div class=\"uagb-forms-email-label required uagb-forms-input-label\" id=\"432e63f6\">Email<\/div><input type=\"email\" class=\"uagb-forms-email-input uagb-forms-input\" placeholder=\"example@mail.com\" required name=\"432e63f6\" autocomplete=\"email\"\/><\/div>\n<div class=\"uagb-forms-form-hidden-data\"><input type=\"hidden\" id=\"g-recaptcha-response\" class=\"uagb-forms-recaptcha\"\/><input type=\"hidden\" class=\"uagb_forms_form_label\" value=\"Newsletter form\"\/><input type=\"hidden\" class=\"uagb_forms_form_id\" value=\"uagb-form-4d245a32\"\/><\/div><div class=\"g-recaptcha uagb-forms-field-set\" data-sitekey=\"\"><\/div><div class=\"uagb-form-reacaptcha-error-4d245a32\"><\/div><div class=\"uagb-forms-main-submit-button-wrap wp-block-button\"><button class=\"uagb-forms-main-submit-button wp-block-button__link\"><div class=\"uagb-forms-main-submit-button-text\">Enviar<\/div><\/button><\/div><input type=\"hidden\" name=\"trp-form-language\" value=\"es\"\/><\/form><div class=\"uagb-forms-success-message-4d245a32 uagb-forms-submit-message-hide\"><span>\u00a1Se envi\u00f3 la informaci\u00f3n correctamente!<\/span><\/div><div class=\"uagb-forms-failed-message-4d245a32 uagb-forms-submit-message-hide\"><span>Hubo un error al enviar el formulario. Intente nuevamente<\/span><\/div><\/div>\n<\/div><\/div>\n\n\n\n<div class=\"wp-block-uagb-container uagb-block-hlsdximr alignfull uagb-is-root-container\"><div class=\"uagb-container-inner-blocks-wrap\">\n<div class=\"wp-block-uagb-info-box uagb-block-guv0ehdo uagb-infobox__content-wrap  uagb-infobox-icon-above-title uagb-infobox-image-valign-top\"><div class=\"uagb-ifb-content\"><div class=\"uagb-ifb-title-wrap\"><h3 class=\"uagb-ifb-title\">Algunos aliados estrat\u00e9gicos<\/h3><\/div><\/div><\/div>\n\n\n\t\n\t\t<div id=\"gs_logo_area_1\" data-sort=\"name\" data-shortcode-id=\"1\" class=\"gs_logo_area gs_logo_area_1 slider1\" data-options='{\"logo_per_page\":\"6\"}' style=\"opacity: 0; visibility: hidden;\">\n\t\t\t<div class=\"gs_logo_area--inner\">\n\n\t\t\t\t<!-- Category Filters - New (Global) -->\n\t\t\t\t\t\n\t\t\t\t\n<div class=\"gs_logo_container gs_carousel_swiper gs_logo_fix_height_and_center\" data-carousel-config='{\"direction\":\"horizontal\",\"speed\":500,\"isAutoplay\":true,\"autoplayDelay\":2000,\"loop\":true,\"pauseOnHover\":true,\"ticker\":false,\"navs\":true,\"navs_pos\":\"bottom\",\"dots\":false,\"dynamic_dots\":true,\"slideSpace\":10,\"slidesPerGroup\":1,\"desktopLogos\":5,\"tabletLogos\":3,\"mobileLogos\":2,\"reverseDirection\":false}'>\n\n\t\n\t\t\n\t\t\t<div class=\"gs_logo_single--wrapper\">\n\t\t\t\t<div class=\"gs_logo_single\">\n\n\t\t\t\t\t<!-- Logo Img -->\n\t\t\t\t\t<img loading=\"lazy\" decoding=\"async\" width=\"250\" height=\"250\" src=\"https:\/\/peruvianchemical.com\/wp-content\/uploads\/2024\/11\/PC_Logo_Slider_Blue_Sail.jpg\" class=\"tt-placement-top tt-bgcolor-one-%23ff5f6d tt-bgcolor-two-%23ffc371 tt-textcolor-%23fff gs-logo--img wp-post-image\" alt=\"\" title=\"Blue Sail\" srcset=\"https:\/\/peruvianchemical.com\/wp-content\/uploads\/2024\/11\/PC_Logo_Slider_Blue_Sail.jpg 250w, https:\/\/peruvianchemical.com\/wp-content\/uploads\/2024\/11\/PC_Logo_Slider_Blue_Sail-150x150.jpg 150w\" sizes=\"auto, (max-width: 250px) 100vw, 250px\" \/>\n\t\t\t\t\t<!-- Logo Title -->\n\t\t\t\t\t<h3 class=\"gs_logo_title\">Blue Sail<\/h3>\t\t\t\t\t\n\t\t\t\t\t<!-- Logo Category -->\n\t\t\t\t\t\t\t\t\t\t\n\t\t\t\t<\/div>\n\t\t\t<\/div>\n\n\t\t\n\t\t\t<div class=\"gs_logo_single--wrapper\">\n\t\t\t\t<div class=\"gs_logo_single\">\n\n\t\t\t\t\t<!-- Logo Img -->\n\t\t\t\t\t<img loading=\"lazy\" decoding=\"async\" width=\"250\" height=\"250\" src=\"https:\/\/peruvianchemical.com\/wp-content\/uploads\/2024\/10\/PC_Logo_Slider_Hengli.jpg\" class=\"tt-placement-top tt-bgcolor-one-%23ff5f6d tt-bgcolor-two-%23ffc371 tt-textcolor-%23fff gs-logo--img wp-post-image\" alt=\"Hengli\" title=\"Hengli\" srcset=\"https:\/\/peruvianchemical.com\/wp-content\/uploads\/2024\/10\/PC_Logo_Slider_Hengli.jpg 250w, https:\/\/peruvianchemical.com\/wp-content\/uploads\/2024\/10\/PC_Logo_Slider_Hengli-150x150.jpg 150w\" sizes=\"auto, (max-width: 250px) 100vw, 250px\" \/>\n\t\t\t\t\t<!-- Logo Title -->\n\t\t\t\t\t<h3 class=\"gs_logo_title\">Hengli<\/h3>\t\t\t\t\t\n\t\t\t\t\t<!-- Logo Category -->\n\t\t\t\t\t\t\t\t\t\t\n\t\t\t\t<\/div>\n\t\t\t<\/div>\n\n\t\t\n\t\t\t<div class=\"gs_logo_single--wrapper\">\n\t\t\t\t<div class=\"gs_logo_single\">\n\n\t\t\t\t\t<!-- Logo Img -->\n\t\t\t\t\t<img loading=\"lazy\" decoding=\"async\" width=\"250\" height=\"250\" src=\"https:\/\/peruvianchemical.com\/wp-content\/uploads\/2024\/10\/PC_Logo_Slider_Chevron.jpg\" class=\"tt-placement-top tt-bgcolor-one-%23ff5f6d tt-bgcolor-two-%23ffc371 tt-textcolor-%23fff gs-logo--img wp-post-image\" alt=\"Chevron Phillips\" title=\"Chevron Phillips\" srcset=\"https:\/\/peruvianchemical.com\/wp-content\/uploads\/2024\/10\/PC_Logo_Slider_Chevron.jpg 250w, https:\/\/peruvianchemical.com\/wp-content\/uploads\/2024\/10\/PC_Logo_Slider_Chevron-150x150.jpg 150w\" sizes=\"auto, (max-width: 250px) 100vw, 250px\" \/>\n\t\t\t\t\t<!-- Logo Title -->\n\t\t\t\t\t<h3 class=\"gs_logo_title\">Chevron Phillips<\/h3>\t\t\t\t\t\n\t\t\t\t\t<!-- Logo Category -->\n\t\t\t\t\t\t\t\t\t\t\n\t\t\t\t<\/div>\n\t\t\t<\/div>\n\n\t\t\n\t\t\t<div class=\"gs_logo_single--wrapper\">\n\t\t\t\t<div class=\"gs_logo_single\">\n\n\t\t\t\t\t<!-- Logo Img -->\n\t\t\t\t\t<img loading=\"lazy\" decoding=\"async\" width=\"250\" height=\"250\" src=\"https:\/\/peruvianchemical.com\/wp-content\/uploads\/2024\/10\/PC_Logo_Slider_VPChem.jpg\" class=\"tt-placement-top tt-bgcolor-one-%23ff5f6d tt-bgcolor-two-%23ffc371 tt-textcolor-%23fff gs-logo--img wp-post-image\" alt=\"VPChem\" title=\"VPChem\" srcset=\"https:\/\/peruvianchemical.com\/wp-content\/uploads\/2024\/10\/PC_Logo_Slider_VPChem.jpg 250w, https:\/\/peruvianchemical.com\/wp-content\/uploads\/2024\/10\/PC_Logo_Slider_VPChem-150x150.jpg 150w\" sizes=\"auto, (max-width: 250px) 100vw, 250px\" \/>\n\t\t\t\t\t<!-- Logo Title -->\n\t\t\t\t\t<h3 class=\"gs_logo_title\">VPChem<\/h3>\t\t\t\t\t\n\t\t\t\t\t<!-- Logo Category -->\n\t\t\t\t\t\t\t\t\t\t\n\t\t\t\t<\/div>\n\t\t\t<\/div>\n\n\t\t\n\t\t\t<div class=\"gs_logo_single--wrapper\">\n\t\t\t\t<div class=\"gs_logo_single\">\n\n\t\t\t\t\t<!-- Logo Img -->\n\t\t\t\t\t<img loading=\"lazy\" decoding=\"async\" width=\"250\" height=\"250\" src=\"https:\/\/peruvianchemical.com\/wp-content\/uploads\/2024\/10\/PC_Logo_Slider_Aekyung.jpg\" class=\"tt-placement-top tt-bgcolor-one-%23ff5f6d tt-bgcolor-two-%23ffc371 tt-textcolor-%23fff gs-logo--img wp-post-image\" alt=\"Aekyoung\" title=\"Aekyung\" srcset=\"https:\/\/peruvianchemical.com\/wp-content\/uploads\/2024\/10\/PC_Logo_Slider_Aekyung.jpg 250w, https:\/\/peruvianchemical.com\/wp-content\/uploads\/2024\/10\/PC_Logo_Slider_Aekyung-150x150.jpg 150w\" sizes=\"auto, (max-width: 250px) 100vw, 250px\" \/>\n\t\t\t\t\t<!-- Logo Title -->\n\t\t\t\t\t<h3 class=\"gs_logo_title\">Aekyung<\/h3>\t\t\t\t\t\n\t\t\t\t\t<!-- Logo Category -->\n\t\t\t\t\t\t\t\t\t\t\n\t\t\t\t<\/div>\n\t\t\t<\/div>\n\n\t\t\n\t\t\t<div class=\"gs_logo_single--wrapper\">\n\t\t\t\t<div class=\"gs_logo_single\">\n\n\t\t\t\t\t<!-- Logo Img -->\n\t\t\t\t\t<img loading=\"lazy\" decoding=\"async\" width=\"250\" height=\"250\" src=\"https:\/\/peruvianchemical.com\/wp-content\/uploads\/2024\/10\/PC_Logo_Slider_LGChem.jpg\" class=\"tt-placement-top tt-bgcolor-one-%23ff5f6d tt-bgcolor-two-%23ffc371 tt-textcolor-%23fff gs-logo--img wp-post-image\" alt=\"LG Chem\" title=\"LG Chem\" srcset=\"https:\/\/peruvianchemical.com\/wp-content\/uploads\/2024\/10\/PC_Logo_Slider_LGChem.jpg 250w, https:\/\/peruvianchemical.com\/wp-content\/uploads\/2024\/10\/PC_Logo_Slider_LGChem-150x150.jpg 150w\" sizes=\"auto, (max-width: 250px) 100vw, 250px\" \/>\n\t\t\t\t\t<!-- Logo Title -->\n\t\t\t\t\t<h3 class=\"gs_logo_title\">LG Chem<\/h3>\t\t\t\t\t\n\t\t\t\t\t<!-- Logo Category -->\n\t\t\t\t\t\t\t\t\t\t\n\t\t\t\t<\/div>\n\t\t\t<\/div>\n\n\t\t\n\t\t\t<div class=\"gs_logo_single--wrapper\">\n\t\t\t\t<div class=\"gs_logo_single\">\n\n\t\t\t\t\t<!-- Logo Img -->\n\t\t\t\t\t<img loading=\"lazy\" decoding=\"async\" width=\"250\" height=\"250\" src=\"https:\/\/peruvianchemical.com\/wp-content\/uploads\/2024\/10\/PC_Logo_Slider_KuhmoPC.jpg\" class=\"tt-placement-top tt-bgcolor-one-%23ff5f6d tt-bgcolor-two-%23ffc371 tt-textcolor-%23fff gs-logo--img wp-post-image\" alt=\"Kumho Petrochemical\" title=\"Kumho Petrochemical\" srcset=\"https:\/\/peruvianchemical.com\/wp-content\/uploads\/2024\/10\/PC_Logo_Slider_KuhmoPC.jpg 250w, https:\/\/peruvianchemical.com\/wp-content\/uploads\/2024\/10\/PC_Logo_Slider_KuhmoPC-150x150.jpg 150w\" sizes=\"auto, (max-width: 250px) 100vw, 250px\" \/>\n\t\t\t\t\t<!-- Logo Title -->\n\t\t\t\t\t<h3 class=\"gs_logo_title\">Kumho Petrochemical<\/h3>\t\t\t\t\t\n\t\t\t\t\t<!-- Logo Category -->\n\t\t\t\t\t\t\t\t\t\t\n\t\t\t\t<\/div>\n\t\t\t<\/div>\n\n\t\t\n\t\t\t<div class=\"gs_logo_single--wrapper\">\n\t\t\t\t<div class=\"gs_logo_single\">\n\n\t\t\t\t\t<!-- Logo Img -->\n\t\t\t\t\t<img loading=\"lazy\" decoding=\"async\" width=\"250\" height=\"250\" src=\"https:\/\/peruvianchemical.com\/wp-content\/uploads\/2024\/10\/PC_Logo_Slider_LotteCh.jpg\" class=\"tt-placement-top tt-bgcolor-one-%23ff5f6d tt-bgcolor-two-%23ffc371 tt-textcolor-%23fff gs-logo--img wp-post-image\" alt=\"Lotte Chemical\" title=\"Lotte Chemical\" srcset=\"https:\/\/peruvianchemical.com\/wp-content\/uploads\/2024\/10\/PC_Logo_Slider_LotteCh.jpg 250w, https:\/\/peruvianchemical.com\/wp-content\/uploads\/2024\/10\/PC_Logo_Slider_LotteCh-150x150.jpg 150w\" sizes=\"auto, (max-width: 250px) 100vw, 250px\" \/>\n\t\t\t\t\t<!-- Logo Title -->\n\t\t\t\t\t<h3 class=\"gs_logo_title\">Lotte Chemical<\/h3>\t\t\t\t\t\n\t\t\t\t\t<!-- Logo Category -->\n\t\t\t\t\t\t\t\t\t\t\n\t\t\t\t<\/div>\n\t\t\t<\/div>\n\n\t\t\n\t\t\t<div class=\"gs_logo_single--wrapper\">\n\t\t\t\t<div class=\"gs_logo_single\">\n\n\t\t\t\t\t<!-- Logo Img -->\n\t\t\t\t\t<img loading=\"lazy\" decoding=\"async\" width=\"250\" height=\"250\" src=\"https:\/\/peruvianchemical.com\/wp-content\/uploads\/2024\/10\/PC_Logo_Slider_Hyousung.jpg\" class=\"tt-placement-top tt-bgcolor-one-%23ff5f6d tt-bgcolor-two-%23ffc371 tt-textcolor-%23fff gs-logo--img wp-post-image\" alt=\"Hyosung\" title=\"Hyosung\" srcset=\"https:\/\/peruvianchemical.com\/wp-content\/uploads\/2024\/10\/PC_Logo_Slider_Hyousung.jpg 250w, https:\/\/peruvianchemical.com\/wp-content\/uploads\/2024\/10\/PC_Logo_Slider_Hyousung-150x150.jpg 150w\" sizes=\"auto, (max-width: 250px) 100vw, 250px\" \/>\n\t\t\t\t\t<!-- Logo Title -->\n\t\t\t\t\t<h3 class=\"gs_logo_title\">Hyosung<\/h3>\t\t\t\t\t\n\t\t\t\t\t<!-- Logo Category -->\n\t\t\t\t\t\t\t\t\t\t\n\t\t\t\t<\/div>\n\t\t\t<\/div>\n\n\t\t\n\t\t\t<div class=\"gs_logo_single--wrapper\">\n\t\t\t\t<div class=\"gs_logo_single\">\n\n\t\t\t\t\t<!-- Logo Img -->\n\t\t\t\t\t<img loading=\"lazy\" decoding=\"async\" width=\"250\" height=\"250\" src=\"https:\/\/peruvianchemical.com\/wp-content\/uploads\/2024\/10\/PC_Logo_Slider_HanWha.jpg\" class=\"tt-placement-top tt-bgcolor-one-%23ff5f6d tt-bgcolor-two-%23ffc371 tt-textcolor-%23fff gs-logo--img wp-post-image\" alt=\"Hanwha\" title=\"Hanwha\" srcset=\"https:\/\/peruvianchemical.com\/wp-content\/uploads\/2024\/10\/PC_Logo_Slider_HanWha.jpg 250w, https:\/\/peruvianchemical.com\/wp-content\/uploads\/2024\/10\/PC_Logo_Slider_HanWha-150x150.jpg 150w\" sizes=\"auto, (max-width: 250px) 100vw, 250px\" \/>\n\t\t\t\t\t<!-- Logo Title -->\n\t\t\t\t\t<h3 class=\"gs_logo_title\">Hanwha<\/h3>\t\t\t\t\t\n\t\t\t\t\t<!-- Logo Category -->\n\t\t\t\t\t\t\t\t\t\t\n\t\t\t\t<\/div>\n\t\t\t<\/div>\n\n\t\t\t\t\n\t\n<\/div>\n\t\t\t\t<!-- Pagination -->\n\t\t\t\t\n\t\t\t<\/div>\n\t\t<\/div>\n\t\n\t\t<style>#gs_logo_area_1:not(.verticaltickerdown):not(.verticalticker) .gs_logo_container{margin-left:-5px}#gs_logo_area_1:not(.verticaltickerdown):not(.verticalticker) .gs_logo_container{margin-right:-5px}#gs_logo_area_1:not(.verticaltickerdown):not(.verticalticker) .gs_logo_single--wrapper{padding:5px}#gs_logo_area_1 ul.gs-logo-filter-cats{text-align:center!important}#gs_logo_area_1 .gs_logo_single--wrapper{width:20%}@media (max-width:1023px){#gs_logo_area_1 .gs_logo_single--wrapper{width:33.333333333333%}}@media (max-width:767px){#gs_logo_area_1 .gs_logo_single--wrapper{width:50%}}<\/style>\n<\/div><\/div>","protected":false},"excerpt":{"rendered":"","protected":false},"author":1,"featured_media":0,"parent":0,"menu_order":0,"comment_status":"closed","ping_status":"closed","template":"","meta":{"_uag_custom_page_level_css":"","site-sidebar-layout":"default","site-content-layout":"","ast-site-content-layout":"default","site-content-style":"default","site-sidebar-style":"default","ast-global-header-display":"","ast-banner-title-visibility":"","ast-main-header-display":"","ast-hfb-above-header-display":"","ast-hfb-below-header-display":"","ast-hfb-mobile-header-display":"","site-post-title":"disabled","ast-breadcrumbs-content":"","ast-featured-img":"","footer-sml-layout":"","ast-disable-related-posts":"","theme-transparent-header-meta":"","adv-header-id-meta":"","stick-header-meta":"","header-above-stick-meta":"","header-main-stick-meta":"","header-below-stick-meta":"","astra-migrate-meta-layouts":"default","ast-page-background-enabled":"default","ast-page-background-meta":{"desktop":{"background-color":"var(--ast-global-color-4)","background-image":"","background-repeat":"repeat","background-position":"center center","background-size":"auto","background-attachment":"scroll","background-type":"","background-media":"","overlay-type":"","overlay-color":"","overlay-opacity":"","overlay-gradient":""},"tablet":{"background-color":"","background-image":"","background-repeat":"repeat","background-position":"center center","background-size":"auto","background-attachment":"scroll","background-type":"","background-media":"","overlay-type":"","overlay-color":"","overlay-opacity":"","overlay-gradient":""},"mobile":{"background-color":"","background-image":"","background-repeat":"repeat","background-position":"center center","background-size":"auto","background-attachment":"scroll","background-type":"","background-media":"","overlay-type":"","overlay-color":"","overlay-opacity":"","overlay-gradient":""}},"ast-content-background-meta":{"desktop":{"background-color":"var(--ast-global-color-5)","background-image":"","background-repeat":"repeat","background-position":"center center","background-size":"auto","background-attachment":"scroll","background-type":"","background-media":"","overlay-type":"","overlay-color":"","overlay-opacity":"","overlay-gradient":""},"tablet":{"background-color":"var(--ast-global-color-5)","background-image":"","background-repeat":"repeat","background-position":"center center","background-size":"auto","background-attachment":"scroll","background-type":"","background-media":"","overlay-type":"","overlay-color":"","overlay-opacity":"","overlay-gradient":""},"mobile":{"background-color":"var(--ast-global-color-5)","background-image":"","background-repeat":"repeat","background-position":"center center","background-size":"auto","background-attachment":"scroll","background-type":"","background-media":"","overlay-type":"","overlay-color":"","overlay-opacity":"","overlay-gradient":""}},"footnotes":""},"class_list":["post-49","page","type-page","status-publish","hentry"],"uagb_featured_image_src":{"full":false,"thumbnail":false,"medium":false,"medium_large":false,"large":false,"1536x1536":false,"2048x2048":false,"trp-custom-language-flag":false},"uagb_author_info":{"display_name":"admin","author_link":"https:\/\/peruvianchemical.com\/es\/author\/admin\/"},"uagb_comment_info":0,"uagb_excerpt":null,"_links":{"self":[{"href":"https:\/\/peruvianchemical.com\/es\/wp-json\/wp\/v2\/pages\/49","targetHints":{"allow":["GET"]}}],"collection":[{"href":"https:\/\/peruvianchemical.com\/es\/wp-json\/wp\/v2\/pages"}],"about":[{"href":"https:\/\/peruvianchemical.com\/es\/wp-json\/wp\/v2\/types\/page"}],"author":[{"embeddable":true,"href":"https:\/\/peruvianchemical.com\/es\/wp-json\/wp\/v2\/users\/1"}],"replies":[{"embeddable":true,"href":"https:\/\/peruvianchemical.com\/es\/wp-json\/wp\/v2\/comments?post=49"}],"version-history":[{"count":34,"href":"https:\/\/peruvianchemical.com\/es\/wp-json\/wp\/v2\/pages\/49\/revisions"}],"predecessor-version":[{"id":300,"href":"https:\/\/peruvianchemical.com\/es\/wp-json\/wp\/v2\/pages\/49\/revisions\/300"}],"wp:attachment":[{"href":"https:\/\/peruvianchemical.com\/es\/wp-json\/wp\/v2\/media?parent=49"}],"curies":[{"name":"wp","href":"https:\/\/api.w.org\/{rel}","templated":true}]}}